{"id":5584,"date":"2023-10-09T12:57:31","date_gmt":"2023-10-09T10:57:31","guid":{"rendered":"https:\/\/hm-heating.de\/conditii-de-garantare\/"},"modified":"2024-04-10T12:35:32","modified_gmt":"2024-04-10T10:35:32","slug":"conditii-de-garantare","status":"publish","type":"page","link":"https:\/\/hm-heating.de\/ro\/conditii-de-garantare\/","title":{"rendered":"Condi\u021bii de garantare"},"content":{"rendered":"\t\t<div data-elementor-type=\"wp-page\" data-elementor-id=\"5584\" class=\"elementor elementor-5584 elementor-3913\" data-elementor-post-type=\"page\">\n\t\t\t\t<div class=\"elementor-element elementor-element-7688986 e-flex e-con-boxed e-con e-parent\" data-id=\"7688986\" data-element_type=\"container\" data-e-type=\"container\" data-settings=\"{&quot;background_background&quot;:&quot;classic&quot;}\">\n\t\t\t\t\t<div class=\"e-con-inner\">\n\t\t\t\t<div class=\"elementor-element elementor-element-0db0f1b elementor-widget elementor-widget-heading\" data-id=\"0db0f1b\" data-element_type=\"widget\" data-e-type=\"widget\" data-widget_type=\"heading.default\">\n\t\t\t\t<div class=\"elementor-widget-container\">\n\t\t\t\t\t<h1 class=\"elementor-heading-title elementor-size-default\">Condi\u021bii de garantare<\/h1>\t\t\t\t<\/div>\n\t\t\t\t<\/div>\n\t\t\t\t\t<\/div>\n\t\t\t\t<\/div>\n\t\t<div class=\"elementor-element elementor-element-96703de e-flex e-con-boxed e-con e-parent\" data-id=\"96703de\" data-element_type=\"container\" data-e-type=\"container\">\n\t\t\t\t\t<div class=\"e-con-inner\">\n\t\t<div class=\"elementor-element elementor-element-fb9bbe1 e-con-full e-flex e-con e-child\" data-id=\"fb9bbe1\" data-element_type=\"container\" data-e-type=\"container\">\n\t\t\t\t<div class=\"elementor-element elementor-element-91dbf7f elementor-widget elementor-widget-heading\" data-id=\"91dbf7f\" data-element_type=\"widget\" data-e-type=\"widget\" data-widget_type=\"heading.default\">\n\t\t\t\t<div class=\"elementor-widget-container\">\n\t\t\t\t\t<h2 class=\"elementor-heading-title elementor-size-default\">HM Heizk\u00f6rper GmbH Tehnologie de \u00eenc\u0103lzire<\/h2>\t\t\t\t<\/div>\n\t\t\t\t<\/div>\n\t\t\t\t<div class=\"elementor-element elementor-element-4166485 elementor-widget elementor-widget-text-editor\" data-id=\"4166485\" data-element_type=\"widget\" data-e-type=\"widget\" data-widget_type=\"text-editor.default\">\n\t\t\t\t<div class=\"elementor-widget-container\">\n\t\t\t\t\t\t\t\t\t<p>Domeniul de aplicare al radiatorului HM include sisteme de ap\u0103 cald\u0103 \u00eenchise \u0219i umplute permanent, care sunt instalate \u00een mod profesional \u00een conformitate cu orient\u0103rile VDI 2035 \u0219i \u00een care condi\u021biile de func\u021bionare sunt maxime. 6 sau 10 bar presiune de func\u021bionare \u0219i max. Trebuie men\u021binut\u0103 o temperatur\u0103 de func\u021bionare de 110\u00b0C. Ne referim la posibilit\u0103\u021bile \u0219i limitele de aplicare conform fi\u0219ei informative BDH nr. 7. V\u0103 rug\u0103m s\u0103 re\u021bine\u021bi c\u0103 radiatoarele HM trebuie transportate cu aten\u021bie \u0219i protejate de influen\u021bele nocive pe \u0219antier. Acestea trebuie s\u0103 fie depozitate \u00een spa\u021bii uscate, necontaminate chimic \u0219i fizic.  <\/p>\n<p>\u00cen cazul \u00een care sunt respectate condi\u021biile de garan\u021bie, care pot fi vizualizate \u0219i consultate \u00een orice moment pe internet la adresa www.hm-heizkoerper.de, HM Heizk\u00f6rper GmbH Heating Technology acord\u0103 o garan\u021bie de 5 ani pentru etan\u0219eitatea \u0219i acoperirea suprafe\u021bei radiatoarelor HM \u0219i o garan\u021bie de 2 ani pentru componentele electrice de la data v\u00e2nz\u0103rii pentru achizi\u021biile efectuate \u00een Germania. Revendicarea \u00een garan\u021bie trebuie f\u0103cut\u0103 \u00een scris la HM Heizk\u00f6rper GmbH Heating Technology | Wachstedter Stra\u00dfe 13 | 37351 Dingelst\u00e4dt | info@hm-heating.de sau la dealer de c\u0103tre de\u021bin\u0103torul garan\u021biei \u00een perioada de garan\u021bie.  <\/p>\n<p>\u00cen cazul \u00een care sunt respectate toate condi\u021biile de garan\u021bie, HM Heizk\u00f6rper GmbH Heating Technology va \u00eenlocui, la propria discre\u021bie, produsul \u00een garan\u021bie cu un produs identic sau echivalent (produs de \u00eenlocuire). Cu excep\u021bia cazului \u00een care HM Heizk\u00f6rper GmbH Heating Technology \u0219i clientul convin altfel, clientul este obligat s\u0103 ridice produsul de \u00eenlocuire de la HM Heizk\u00f6rper GmbH Heating Technology sau de la un distribuitor desemnat de HM Heizk\u00f6rper GmbH Heating Technology.  <\/p>\n<p>\u00cen special, HM Heizk\u00f6rper GmbH Heating Technology nu \u00ee\u0219i asum\u0103 niciun fel de costuri pentru alte daune cauzate de produsul defect sau datorate acestuia, cum ar fi costurile de instalare\/\u00eendep\u0103rtare \u0219i costurile de transport sau daunele aduse altor articole apar\u021bin\u00e2nd de\u021bin\u0103torului garan\u021biei. Preten\u021biile legale ale de\u021bin\u0103torului garan\u021biei (de exemplu, din contractul de achizi\u021bie) nu sunt afectate sau limitate de aceast\u0103 garan\u021bie.<\/p>\n\t\t\t\t\t\t\t\t<\/div>\n\t\t\t\t<\/div>\n\t\t\t\t<\/div>\n\t\t<div class=\"elementor-element elementor-element-8fe910b e-con-full e-flex e-con e-child\" data-id=\"8fe910b\" data-element_type=\"container\" data-e-type=\"container\">\n\t\t\t\t<div class=\"elementor-element elementor-element-62980d5 elementor-widget elementor-widget-text-editor\" data-id=\"62980d5\" data-element_type=\"widget\" data-e-type=\"widget\" data-widget_type=\"text-editor.default\">\n\t\t\t\t<div class=\"elementor-widget-container\">\n\t\t\t\t\t\t\t\t\t<h3>Desc\u0103rc\u0103ri<\/h3>\n<p>Face\u021bi clic aici pentru a desc\u0103rca condi\u021biile noastre de garan\u021bie ca fi\u0219ier PDF!<\/p>\n\t\t\t\t\t\t\t\t<\/div>\n\t\t\t\t<\/div>\n\t\t\t\t<div class=\"elementor-element elementor-element-8c7c4ec elementor-tablet-align-justify elementor-widget elementor-widget-button\" data-id=\"8c7c4ec\" data-element_type=\"widget\" data-e-type=\"widget\" data-widget_type=\"button.default\">\n\t\t\t\t<div class=\"elementor-widget-container\">\n\t\t\t\t\t\t\t\t\t<div class=\"elementor-button-wrapper\">\n\t\t\t\t\t<a class=\"elementor-button elementor-button-link elementor-size-sm elementor-animation-float\" href=\"\/wp-content\/uploads\/HM-guarantee-conditions.pdf\">\n\t\t\t\t\t\t<span class=\"elementor-button-content-wrapper\">\n\t\t\t\t\t\t\t\t\t<span class=\"elementor-button-text\">Desc\u0103rca\u021bi condi\u021biile de garan\u021bie<\/span>\n\t\t\t\t\t<\/span>\n\t\t\t\t\t<\/a>\n\t\t\t\t<\/div>\n\t\t\t\t\t\t\t\t<\/div>\n\t\t\t\t<\/div>\n\t\t\t\t<\/div>\n\t\t\t\t\t<\/div>\n\t\t\t\t<\/div>\n\t\t\t\t<\/div>\n\t\t","protected":false},"excerpt":{"rendered":"<p>Condi\u021bii de garantare HM Heizk\u00f6rper GmbH Tehnologie de \u00eenc\u0103lzire Domeniul de aplicare al radiatorului HM include sisteme de ap\u0103 cald\u0103 \u00eenchise \u0219i umplute permanent, care sunt instalate \u00een mod profesional \u00een conformitate cu orient\u0103rile VDI 2035 \u0219i \u00een care condi\u021biile de func\u021bionare sunt maxime. 6 sau 10 bar presiune de func\u021bionare \u0219i max. Trebuie men\u021binut\u0103 [&hellip;]<\/p>\n","protected":false},"author":1,"featured_media":0,"parent":0,"menu_order":0,"comment_status":"closed","ping_status":"closed","template":"","meta":{"inline_featured_image":false,"footnotes":""},"class_list":["post-5584","page","type-page","status-publish","hentry"],"_links":{"self":[{"href":"https:\/\/hm-heating.de\/ro\/wp-json\/wp\/v2\/pages\/5584","targetHints":{"allow":["GET"]}}],"collection":[{"href":"https:\/\/hm-heating.de\/ro\/wp-json\/wp\/v2\/pages"}],"about":[{"href":"https:\/\/hm-heating.de\/ro\/wp-json\/wp\/v2\/types\/page"}],"author":[{"embeddable":true,"href":"https:\/\/hm-heating.de\/ro\/wp-json\/wp\/v2\/users\/1"}],"replies":[{"embeddable":true,"href":"https:\/\/hm-heating.de\/ro\/wp-json\/wp\/v2\/comments?post=5584"}],"version-history":[{"count":7,"href":"https:\/\/hm-heating.de\/ro\/wp-json\/wp\/v2\/pages\/5584\/revisions"}],"predecessor-version":[{"id":5987,"href":"https:\/\/hm-heating.de\/ro\/wp-json\/wp\/v2\/pages\/5584\/revisions\/5987"}],"wp:attachment":[{"href":"https:\/\/hm-heating.de\/ro\/wp-json\/wp\/v2\/media?parent=5584"}],"curies":[{"name":"wp","href":"https:\/\/api.w.org\/{rel}","templated":true}]}}